{"id":1641,"date":"2024-11-05T15:37:14","date_gmt":"2024-11-05T15:37:14","guid":{"rendered":"https:\/\/www.topgse.com\/cartera\/"},"modified":"2024-11-24T10:15:08","modified_gmt":"2024-11-24T10:15:08","slug":"productos","status":"publish","type":"page","link":"https:\/\/www.topgse.com\/es\/productos\/","title":{"rendered":"Nuestros productos"},"content":{"rendered":"\t\t<div data-elementor-type=\"wp-page\" data-elementor-id=\"1641\" class=\"elementor elementor-1641 elementor-1637\">\n\t\t\t\t<div class=\"elementor-element elementor-element-45c78fa e-con-full e-flex e-con e-parent\" data-id=\"45c78fa\" data-element_type=\"container\">\n\t\t<div class=\"elementor-element elementor-element-2b30ed2 e-con-full e-flex e-con e-child\" data-id=\"2b30ed2\" data-element_type=\"container\">\n\t\t\t\t<div class=\"elementor-element elementor-element-a7a9f40 elementor-widget elementor-widget-mfn_portfolio\" data-id=\"a7a9f40\" data-element_type=\"widget\" data-widget_type=\"mfn_portfolio.default\">\n\t\t\t\t<div class=\"elementor-widget-container\">\n\t\t\t\t\t<div class=\"column_filters\"><div id=\"Filters\" class=\"isotope-filters filters4portfolio\" data-parent=\"column_filters\"><div class=\"mcb-column-inner\"><div class=\"filters_wrapper\"><ul class=\"categories\"><li class=\"reset current-cat\"><a class=\"all\" data-rel=\"*\" href=\"#\">All<\/a><\/li><li class=\"aire-acondicionado\"><a data-rel=\".category-aire-acondicionado\" href=\"https:\/\/www.topgse.com\/es\/portfolio-types\/aire-acondicionado\/\">AIRE ACONDICIONADO<\/a><\/li><li class=\"carretilla-es\"><a data-rel=\".category-carretilla-es\" href=\"https:\/\/www.topgse.com\/es\/portfolio-types\/carretilla-es\/\">CARRETILLA<\/a><\/li><li class=\"carretilla\"><a data-rel=\".category-carretilla\" href=\"https:\/\/www.topgse.com\/es\/portfolio-types\/carretilla\/\">CARRETILLA<\/a><\/li><li class=\"egpu-es\"><a data-rel=\".category-egpu-es\" href=\"https:\/\/www.topgse.com\/es\/portfolio-types\/egpu-es\/\">EGPU<\/a><\/li><li class=\"mallaghan-es\"><a data-rel=\".category-mallaghan-es\" href=\"https:\/\/www.topgse.com\/es\/portfolio-types\/mallaghan-es\/\">Mallaghan<\/a><\/li><li class=\"pushback-es\"><a data-rel=\".category-pushback-es\" href=\"https:\/\/www.topgse.com\/es\/portfolio-types\/pushback-es\/\">PUSHBACK<\/a><\/li><li class=\"pushback-es-2\"><a data-rel=\".category-pushback-es-2\" href=\"https:\/\/www.topgse.com\/es\/portfolio-types\/pushback-es-2\/\">PUSHBACK<\/a><\/li><li class=\"pushback2-es\"><a data-rel=\".category-pushback2-es\" href=\"https:\/\/www.topgse.com\/es\/portfolio-types\/pushback2-es\/\">PUSHBACK2<\/a><\/li><li class=\"reacondicionado-es\"><a data-rel=\".category-reacondicionado-es\" href=\"https:\/\/www.topgse.com\/es\/portfolio-types\/reacondicionado-es\/\">REACONDICIONADO<\/a><\/li><li class=\"transferencia\"><a data-rel=\".category-transferencia\" href=\"https:\/\/www.topgse.com\/es\/portfolio-types\/transferencia\/\">TRANSFERENCIA<\/a><\/li><\/ul><\/div><\/div><\/div>\n<div class=\"portfolio_wrapper isotope_wrapper \"><ul class=\"portfolio_group lm_wrapper isotope col-4 grid\"><li class=\"portfolio-item isotope-item category-carretilla  has-thumbnail\"><div class=\"portfolio-item-fw-bg\" style=\"\"><div class=\"portfolio-item-fill\"><\/div><div class=\"image_frame scale-with-grid\"><div class=\"image_wrapper\"><a href=\"https:\/\/www.topgse.com\/es\/portfolio-item\/trepel-champ-140e\/\"><div class=\"mask\"><\/div><img fetchpriority=\"high\" decoding=\"async\" width=\"960\" height=\"750\" src=\"https:\/\/www.topgse.com\/wp-content\/uploads\/2025\/02\/1-3-960x750.png\" class=\"scale-with-grid wp-post-image\" alt=\"\" \/><\/a><div class=\"image_links\"><a class=\"zoom \"  rel=\"prettyphoto\" href=\"https:\/\/www.topgse.com\/wp-content\/uploads\/2025\/02\/1-3.png\"><svg viewBox=\"0 0 26 26\"><defs><style>.path{fill:none;stroke:#333;stroke-miterlimit:10;stroke-width:1.5px;}<\/style><\/defs><circle cx=\"11.35\" cy=\"11.35\" r=\"6\" class=\"path\"><\/circle><line x1=\"15.59\" y1=\"15.59\" x2=\"20.65\" y2=\"20.65\" class=\"path\"><\/line><\/svg><\/a><a class=\"link \"  href=\"https:\/\/www.topgse.com\/es\/portfolio-item\/trepel-champ-140e\/\"><svg viewBox=\"0 0 26 26\"><defs><style>.path{fill:none;stroke:#333;stroke-miterlimit:10;stroke-width:1.5px;}<\/style><\/defs><g><path d=\"M10.17,8.76l2.12-2.12a5,5,0,0,1,7.07,0h0a5,5,0,0,1,0,7.07l-2.12,2.12\" class=\"path\"><\/path><path d=\"M15.83,17.24l-2.12,2.12a5,5,0,0,1-7.07,0h0a5,5,0,0,1,0-7.07l2.12-2.12\" class=\"path\"><\/path><line x1=\"10.17\" y1=\"15.83\" x2=\"15.83\" y2=\"10.17\" class=\"path\"><\/line><\/g><\/svg><\/a><\/div><\/div><\/div><div class=\"desc\"><div class=\"title_wrapper\"><h5 class=\"entry-title\" itemprop=\"headline\"><a class=\"link\" href=\"https:\/\/www.topgse.com\/es\/portfolio-item\/trepel-champ-140e\/\">TREPEL CHAMP 140e<\/a><\/h5><div class=\"button-love\"><\/div><\/div><div class=\"details-wrapper\"><dl><\/dl><\/div><div class=\"desc-wrapper\">El todoterreno el\u00e9ctrico. Con una propulsi\u00f3n total de unos 150 kW distribuidos en 3 motores el\u00e9ctricos as\u00edncronos dedicados y dimensionados para tareas espec\u00edficas como la conducci\u00f3n<span class=\"excerpt-hellip\"> [\u2026]<\/span><\/div><\/div><\/div><\/li><li class=\"portfolio-item isotope-item category-carretilla  has-thumbnail\"><div class=\"portfolio-item-fw-bg\" style=\"\"><div class=\"portfolio-item-fill\"><\/div><div class=\"image_frame scale-with-grid\"><div class=\"image_wrapper\"><a href=\"https:\/\/www.topgse.com\/es\/portfolio-item\/trepel-champ-140\/\"><div class=\"mask\"><\/div><img decoding=\"async\" width=\"960\" height=\"750\" src=\"https:\/\/www.topgse.com\/wp-content\/uploads\/2025\/02\/1-2-960x750.png\" class=\"scale-with-grid wp-post-image\" alt=\"\" \/><\/a><div class=\"image_links\"><a class=\"zoom \"  rel=\"prettyphoto\" href=\"https:\/\/www.topgse.com\/wp-content\/uploads\/2025\/02\/1-2.png\"><svg viewBox=\"0 0 26 26\"><defs><style>.path{fill:none;stroke:#333;stroke-miterlimit:10;stroke-width:1.5px;}<\/style><\/defs><circle cx=\"11.35\" cy=\"11.35\" r=\"6\" class=\"path\"><\/circle><line x1=\"15.59\" y1=\"15.59\" x2=\"20.65\" y2=\"20.65\" class=\"path\"><\/line><\/svg><\/a><a class=\"link \"  href=\"https:\/\/www.topgse.com\/es\/portfolio-item\/trepel-champ-140\/\"><svg viewBox=\"0 0 26 26\"><defs><style>.path{fill:none;stroke:#333;stroke-miterlimit:10;stroke-width:1.5px;}<\/style><\/defs><g><path d=\"M10.17,8.76l2.12-2.12a5,5,0,0,1,7.07,0h0a5,5,0,0,1,0,7.07l-2.12,2.12\" class=\"path\"><\/path><path d=\"M15.83,17.24l-2.12,2.12a5,5,0,0,1-7.07,0h0a5,5,0,0,1,0-7.07l2.12-2.12\" class=\"path\"><\/path><line x1=\"10.17\" y1=\"15.83\" x2=\"15.83\" y2=\"10.17\" class=\"path\"><\/line><\/g><\/svg><\/a><\/div><\/div><\/div><div class=\"desc\"><div class=\"title_wrapper\"><h5 class=\"entry-title\" itemprop=\"headline\"><a class=\"link\" href=\"https:\/\/www.topgse.com\/es\/portfolio-item\/trepel-champ-140\/\">TREPEL CHAMP 140<\/a><\/h5><div class=\"button-love\"><\/div><\/div><div class=\"details-wrapper\"><dl><\/dl><\/div><div class=\"desc-wrapper\">Cargador de cubierta principal universal. La CHAMP 140 combina las ventajas de una cargadora de plataforma inferior y principal con una excelente fiabilidad. Gracias a su<span class=\"excerpt-hellip\"> [\u2026]<\/span><\/div><\/div><\/div><\/li><li class=\"portfolio-item isotope-item category-carretilla  has-thumbnail\"><div class=\"portfolio-item-fw-bg\" style=\"\"><div class=\"portfolio-item-fill\"><\/div><div class=\"image_frame scale-with-grid\"><div class=\"image_wrapper\"><a href=\"https:\/\/www.topgse.com\/es\/portfolio-item\/trepel-champ-70e-neo\/\"><div class=\"mask\"><\/div><img decoding=\"async\" width=\"960\" height=\"750\" src=\"https:\/\/www.topgse.com\/wp-content\/uploads\/2025\/02\/1-1-960x750.png\" class=\"scale-with-grid wp-post-image\" alt=\"\" \/><\/a><div class=\"image_links\"><a class=\"zoom \"  rel=\"prettyphoto\" href=\"https:\/\/www.topgse.com\/wp-content\/uploads\/2025\/02\/1-1.png\"><svg viewBox=\"0 0 26 26\"><defs><style>.path{fill:none;stroke:#333;stroke-miterlimit:10;stroke-width:1.5px;}<\/style><\/defs><circle cx=\"11.35\" cy=\"11.35\" r=\"6\" class=\"path\"><\/circle><line x1=\"15.59\" y1=\"15.59\" x2=\"20.65\" y2=\"20.65\" class=\"path\"><\/line><\/svg><\/a><a class=\"link \"  href=\"https:\/\/www.topgse.com\/es\/portfolio-item\/trepel-champ-70e-neo\/\"><svg viewBox=\"0 0 26 26\"><defs><style>.path{fill:none;stroke:#333;stroke-miterlimit:10;stroke-width:1.5px;}<\/style><\/defs><g><path d=\"M10.17,8.76l2.12-2.12a5,5,0,0,1,7.07,0h0a5,5,0,0,1,0,7.07l-2.12,2.12\" class=\"path\"><\/path><path d=\"M15.83,17.24l-2.12,2.12a5,5,0,0,1-7.07,0h0a5,5,0,0,1,0-7.07l2.12-2.12\" class=\"path\"><\/path><line x1=\"10.17\" y1=\"15.83\" x2=\"15.83\" y2=\"10.17\" class=\"path\"><\/line><\/g><\/svg><\/a><\/div><\/div><\/div><div class=\"desc\"><div class=\"title_wrapper\"><h5 class=\"entry-title\" itemprop=\"headline\"><a class=\"link\" href=\"https:\/\/www.topgse.com\/es\/portfolio-item\/trepel-champ-70e-neo\/\">TREPEL CHAMP 70e NEO<\/a><\/h5><div class=\"button-love\"><\/div><\/div><div class=\"details-wrapper\"><dl><\/dl><\/div><div class=\"desc-wrapper\">La cargadora de alto rendimiento de 7 toneladas. La CHAMP 70e NEO se basa en un nuevo concepto de sistema de potencia de funcionamiento electrohidr\u00e1ulico. Este<span class=\"excerpt-hellip\"> [\u2026]<\/span><\/div><\/div><\/div><\/li><li class=\"portfolio-item isotope-item category-carretilla  has-thumbnail\"><div class=\"portfolio-item-fw-bg\" style=\"\"><div class=\"portfolio-item-fill\"><\/div><div class=\"image_frame scale-with-grid\"><div class=\"image_wrapper\"><a href=\"https:\/\/www.topgse.com\/es\/portfolio-item\/trepel-champ-70s-w-u\/\"><div class=\"mask\"><\/div><img loading=\"lazy\" decoding=\"async\" width=\"960\" height=\"750\" src=\"https:\/\/www.topgse.com\/wp-content\/uploads\/2025\/02\/CHAMP-70-960x750.png\" class=\"scale-with-grid wp-post-image\" alt=\"\" \/><\/a><div class=\"image_links\"><a class=\"zoom \"  rel=\"prettyphoto\" href=\"https:\/\/www.topgse.com\/wp-content\/uploads\/2025\/02\/CHAMP-70.png\"><svg viewBox=\"0 0 26 26\"><defs><style>.path{fill:none;stroke:#333;stroke-miterlimit:10;stroke-width:1.5px;}<\/style><\/defs><circle cx=\"11.35\" cy=\"11.35\" r=\"6\" class=\"path\"><\/circle><line x1=\"15.59\" y1=\"15.59\" x2=\"20.65\" y2=\"20.65\" class=\"path\"><\/line><\/svg><\/a><a class=\"link \"  href=\"https:\/\/www.topgse.com\/es\/portfolio-item\/trepel-champ-70s-w-u\/\"><svg viewBox=\"0 0 26 26\"><defs><style>.path{fill:none;stroke:#333;stroke-miterlimit:10;stroke-width:1.5px;}<\/style><\/defs><g><path d=\"M10.17,8.76l2.12-2.12a5,5,0,0,1,7.07,0h0a5,5,0,0,1,0,7.07l-2.12,2.12\" class=\"path\"><\/path><path d=\"M15.83,17.24l-2.12,2.12a5,5,0,0,1-7.07,0h0a5,5,0,0,1,0-7.07l2.12-2.12\" class=\"path\"><\/path><line x1=\"10.17\" y1=\"15.83\" x2=\"15.83\" y2=\"10.17\" class=\"path\"><\/line><\/g><\/svg><\/a><\/div><\/div><\/div><div class=\"desc\"><div class=\"title_wrapper\"><h5 class=\"entry-title\" itemprop=\"headline\"><a class=\"link\" href=\"https:\/\/www.topgse.com\/es\/portfolio-item\/trepel-champ-70s-w-u\/\">TREPEL CHAMP 70S\/W\/U<\/a><\/h5><div class=\"button-love\"><\/div><\/div><div class=\"details-wrapper\"><dl><\/dl><\/div><div class=\"desc-wrapper\">Manipulaci\u00f3n de mercanc\u00edas con una fiabilidad excepcional La gama CHAMP 70, los transelevadores de carga de 7 toneladas de TREPEL, combina la m\u00e1xima disponibilidad con unos<span class=\"excerpt-hellip\"> [\u2026]<\/span><\/div><\/div><\/div><\/li><li class=\"portfolio-item isotope-item category-pushback-es-2  has-thumbnail\"><div class=\"portfolio-item-fw-bg\" style=\"\"><div class=\"portfolio-item-fill\"><\/div><div class=\"image_frame scale-with-grid\"><div class=\"image_wrapper\"><a href=\"https:\/\/www.topgse.com\/es\/portfolio-item\/trepel-challenger-280e\/\"><div class=\"mask\"><\/div><img loading=\"lazy\" decoding=\"async\" width=\"960\" height=\"750\" src=\"https:\/\/www.topgse.com\/wp-content\/uploads\/2025\/02\/CH280E-1-960x750.png\" class=\"scale-with-grid wp-post-image\" alt=\"\" \/><\/a><div class=\"image_links\"><a class=\"zoom \"  rel=\"prettyphoto\" href=\"https:\/\/www.topgse.com\/wp-content\/uploads\/2025\/02\/CH280E-1.png\"><svg viewBox=\"0 0 26 26\"><defs><style>.path{fill:none;stroke:#333;stroke-miterlimit:10;stroke-width:1.5px;}<\/style><\/defs><circle cx=\"11.35\" cy=\"11.35\" r=\"6\" class=\"path\"><\/circle><line x1=\"15.59\" y1=\"15.59\" x2=\"20.65\" y2=\"20.65\" class=\"path\"><\/line><\/svg><\/a><a class=\"link \"  href=\"https:\/\/www.topgse.com\/es\/portfolio-item\/trepel-challenger-280e\/\"><svg viewBox=\"0 0 26 26\"><defs><style>.path{fill:none;stroke:#333;stroke-miterlimit:10;stroke-width:1.5px;}<\/style><\/defs><g><path d=\"M10.17,8.76l2.12-2.12a5,5,0,0,1,7.07,0h0a5,5,0,0,1,0,7.07l-2.12,2.12\" class=\"path\"><\/path><path d=\"M15.83,17.24l-2.12,2.12a5,5,0,0,1-7.07,0h0a5,5,0,0,1,0-7.07l2.12-2.12\" class=\"path\"><\/path><line x1=\"10.17\" y1=\"15.83\" x2=\"15.83\" y2=\"10.17\" class=\"path\"><\/line><\/g><\/svg><\/a><\/div><\/div><\/div><div class=\"desc\"><div class=\"title_wrapper\"><h5 class=\"entry-title\" itemprop=\"headline\"><a class=\"link\" href=\"https:\/\/www.topgse.com\/es\/portfolio-item\/trepel-challenger-280e\/\">TREPEL CHALLENGER 280e<\/a><\/h5><div class=\"button-love\"><\/div><\/div><div class=\"details-wrapper\"><dl><\/dl><\/div><div class=\"desc-wrapper\">El caballo de batalla de la mayor\u00eda de los aviones de fuselaje ancho. El tractor convencional el\u00e9ctrico CHALLENGER 280e est\u00e1 dise\u00f1ado para manejar una amplia gama<span class=\"excerpt-hellip\"> [\u2026]<\/span><\/div><\/div><\/div><\/li><li class=\"portfolio-item isotope-item category-pushback-es-2  has-thumbnail\"><div class=\"portfolio-item-fw-bg\" style=\"\"><div class=\"portfolio-item-fill\"><\/div><div class=\"image_frame scale-with-grid\"><div class=\"image_wrapper\"><a href=\"https:\/\/www.topgse.com\/es\/portfolio-item\/pushback-trepel\/\"><div class=\"mask\"><\/div><img loading=\"lazy\" decoding=\"async\" width=\"960\" height=\"750\" src=\"https:\/\/www.topgse.com\/wp-content\/uploads\/2025\/02\/2-960x750.jpg\" class=\"scale-with-grid wp-post-image\" alt=\"\" \/><\/a><div class=\"image_links\"><a class=\"zoom \"  rel=\"prettyphoto\" href=\"https:\/\/www.topgse.com\/wp-content\/uploads\/2025\/02\/2.jpg\"><svg viewBox=\"0 0 26 26\"><defs><style>.path{fill:none;stroke:#333;stroke-miterlimit:10;stroke-width:1.5px;}<\/style><\/defs><circle cx=\"11.35\" cy=\"11.35\" r=\"6\" class=\"path\"><\/circle><line x1=\"15.59\" y1=\"15.59\" x2=\"20.65\" y2=\"20.65\" class=\"path\"><\/line><\/svg><\/a><a class=\"link \"  href=\"https:\/\/www.topgse.com\/es\/portfolio-item\/pushback-trepel\/\"><svg viewBox=\"0 0 26 26\"><defs><style>.path{fill:none;stroke:#333;stroke-miterlimit:10;stroke-width:1.5px;}<\/style><\/defs><g><path d=\"M10.17,8.76l2.12-2.12a5,5,0,0,1,7.07,0h0a5,5,0,0,1,0,7.07l-2.12,2.12\" class=\"path\"><\/path><path d=\"M15.83,17.24l-2.12,2.12a5,5,0,0,1-7.07,0h0a5,5,0,0,1,0-7.07l2.12-2.12\" class=\"path\"><\/path><line x1=\"10.17\" y1=\"15.83\" x2=\"15.83\" y2=\"10.17\" class=\"path\"><\/line><\/g><\/svg><\/a><\/div><\/div><\/div><div class=\"desc\"><div class=\"title_wrapper\"><h5 class=\"entry-title\" itemprop=\"headline\"><a class=\"link\" href=\"https:\/\/www.topgse.com\/es\/portfolio-item\/pushback-trepel\/\">TREPEL CHALLENGER 150e<\/a><\/h5><div class=\"button-love\"><\/div><\/div><div class=\"details-wrapper\"><dl><\/dl><\/div><div class=\"desc-wrapper\">El nuevo compa\u00f1ero de trabajo de los aviones de fuselaje estrecho El tractor el\u00e9ctrico CHALLENGER 150e es la m\u00e1quina ideal para remolcar\/empujar aviones de fuselaje estrecho<span class=\"excerpt-hellip\"> [\u2026]<\/span><\/div><\/div><\/div><\/li><li class=\"portfolio-item isotope-item category-carretilla-es  has-thumbnail\"><div class=\"portfolio-item-fw-bg\" style=\"\"><div class=\"portfolio-item-fill\"><\/div><div class=\"image_frame scale-with-grid\"><div class=\"image_wrapper\"><a href=\"https:\/\/www.topgse.com\/es\/portfolio-item\/zodiac-cds2436-escaleras\/\"><div class=\"mask\"><\/div><img loading=\"lazy\" decoding=\"async\" width=\"960\" height=\"750\" src=\"https:\/\/www.topgse.com\/wp-content\/uploads\/2024\/11\/Alquilado_rented-960x750.jpg\" class=\"scale-with-grid wp-post-image\" alt=\"\" \/><\/a><div class=\"image_links\"><a class=\"zoom \"  rel=\"prettyphoto\" href=\"https:\/\/www.topgse.com\/wp-content\/uploads\/2024\/11\/Alquilado_rented.jpg\"><svg viewBox=\"0 0 26 26\"><defs><style>.path{fill:none;stroke:#333;stroke-miterlimit:10;stroke-width:1.5px;}<\/style><\/defs><circle cx=\"11.35\" cy=\"11.35\" r=\"6\" class=\"path\"><\/circle><line x1=\"15.59\" y1=\"15.59\" x2=\"20.65\" y2=\"20.65\" class=\"path\"><\/line><\/svg><\/a><a class=\"link \"  href=\"https:\/\/www.topgse.com\/es\/portfolio-item\/zodiac-cds2436-escaleras\/\"><svg viewBox=\"0 0 26 26\"><defs><style>.path{fill:none;stroke:#333;stroke-miterlimit:10;stroke-width:1.5px;}<\/style><\/defs><g><path d=\"M10.17,8.76l2.12-2.12a5,5,0,0,1,7.07,0h0a5,5,0,0,1,0,7.07l-2.12,2.12\" class=\"path\"><\/path><path d=\"M15.83,17.24l-2.12,2.12a5,5,0,0,1-7.07,0h0a5,5,0,0,1,0-7.07l2.12-2.12\" class=\"path\"><\/path><line x1=\"10.17\" y1=\"15.83\" x2=\"15.83\" y2=\"10.17\" class=\"path\"><\/line><\/g><\/svg><\/a><\/div><\/div><\/div><div class=\"desc\"><div class=\"title_wrapper\"><h5 class=\"entry-title\" itemprop=\"headline\"><a class=\"link\" href=\"https:\/\/www.topgse.com\/es\/portfolio-item\/zodiac-cds2436-escaleras\/\">ZODIAC CDS2436 ESCALERAS<\/a><\/h5><div class=\"button-love\"><\/div><\/div><div class=\"details-wrapper\"><dl><\/dl><\/div><div class=\"desc-wrapper\">Las escaleras CDS2436 se utilizan para subir y bajar de aviones cuyos umbrales de puerta est\u00e1n entre 1,8 y 3,8 metros por encima del nivel del<span class=\"excerpt-hellip\"> [\u2026]<\/span><\/div><\/div><\/div><\/li><li class=\"portfolio-item isotope-item category-reacondicionado-es  has-thumbnail\"><div class=\"portfolio-item-fw-bg\" style=\"\"><div class=\"portfolio-item-fill\"><\/div><div class=\"image_frame scale-with-grid\"><div class=\"image_wrapper\"><a href=\"https:\/\/www.topgse.com\/es\/portfolio-item\/822-0953-002-amplificador-de-alta-potencia-hpa\/\"><div class=\"mask\"><\/div><img loading=\"lazy\" decoding=\"async\" width=\"960\" height=\"750\" src=\"https:\/\/www.topgse.com\/wp-content\/uploads\/2024\/11\/hpa-960x750.jpg\" class=\"scale-with-grid wp-post-image\" alt=\"\" \/><\/a><div class=\"image_links\"><a class=\"zoom \"  rel=\"prettyphoto\" href=\"https:\/\/www.topgse.com\/wp-content\/uploads\/2024\/11\/hpa.jpg\"><svg viewBox=\"0 0 26 26\"><defs><style>.path{fill:none;stroke:#333;stroke-miterlimit:10;stroke-width:1.5px;}<\/style><\/defs><circle cx=\"11.35\" cy=\"11.35\" r=\"6\" class=\"path\"><\/circle><line x1=\"15.59\" y1=\"15.59\" x2=\"20.65\" y2=\"20.65\" class=\"path\"><\/line><\/svg><\/a><a class=\"link \"  href=\"https:\/\/www.topgse.com\/es\/portfolio-item\/822-0953-002-amplificador-de-alta-potencia-hpa\/\"><svg viewBox=\"0 0 26 26\"><defs><style>.path{fill:none;stroke:#333;stroke-miterlimit:10;stroke-width:1.5px;}<\/style><\/defs><g><path d=\"M10.17,8.76l2.12-2.12a5,5,0,0,1,7.07,0h0a5,5,0,0,1,0,7.07l-2.12,2.12\" class=\"path\"><\/path><path d=\"M15.83,17.24l-2.12,2.12a5,5,0,0,1-7.07,0h0a5,5,0,0,1,0-7.07l2.12-2.12\" class=\"path\"><\/path><line x1=\"10.17\" y1=\"15.83\" x2=\"15.83\" y2=\"10.17\" class=\"path\"><\/line><\/g><\/svg><\/a><\/div><\/div><\/div><div class=\"desc\"><div class=\"title_wrapper\"><h5 class=\"entry-title\" itemprop=\"headline\"><a class=\"link\" href=\"https:\/\/www.topgse.com\/es\/portfolio-item\/822-0953-002-amplificador-de-alta-potencia-hpa\/\">822-0953-002 AMPLIFICADOR DE ALTA POTENCIA (HPA)<\/a><\/h5><div class=\"button-love\"><\/div><\/div><div class=\"details-wrapper\"><dl><\/dl><\/div><div class=\"desc-wrapper\">822-0953-002 AMPLIFICADOR DE ALTA POTENCIA (HPA) SN 16Y8F9 CONDICI\u00d3N SV EASA F1 IBERIA 16\/04\/2014 Volver a la cartera<\/div><\/div><\/div><\/li><li class=\"portfolio-item isotope-item category-reacondicionado-es  has-thumbnail\"><div class=\"portfolio-item-fw-bg\" style=\"\"><div class=\"portfolio-item-fill\"><\/div><div class=\"image_frame scale-with-grid\"><div class=\"image_wrapper\"><a href=\"https:\/\/www.topgse.com\/es\/portfolio-item\/sdu-satcom-a330\/\"><div class=\"mask\"><\/div><img loading=\"lazy\" decoding=\"async\" width=\"960\" height=\"750\" src=\"https:\/\/www.topgse.com\/wp-content\/uploads\/2024\/11\/1-1-960x750.jpg\" class=\"scale-with-grid wp-post-image\" alt=\"\" \/><\/a><div class=\"image_links\"><a class=\"zoom \"  rel=\"prettyphoto\" href=\"https:\/\/www.topgse.com\/wp-content\/uploads\/2024\/11\/1-1.jpg\"><svg viewBox=\"0 0 26 26\"><defs><style>.path{fill:none;stroke:#333;stroke-miterlimit:10;stroke-width:1.5px;}<\/style><\/defs><circle cx=\"11.35\" cy=\"11.35\" r=\"6\" class=\"path\"><\/circle><line x1=\"15.59\" y1=\"15.59\" x2=\"20.65\" y2=\"20.65\" class=\"path\"><\/line><\/svg><\/a><a class=\"link \"  href=\"https:\/\/www.topgse.com\/es\/portfolio-item\/sdu-satcom-a330\/\"><svg viewBox=\"0 0 26 26\"><defs><style>.path{fill:none;stroke:#333;stroke-miterlimit:10;stroke-width:1.5px;}<\/style><\/defs><g><path d=\"M10.17,8.76l2.12-2.12a5,5,0,0,1,7.07,0h0a5,5,0,0,1,0,7.07l-2.12,2.12\" class=\"path\"><\/path><path d=\"M15.83,17.24l-2.12,2.12a5,5,0,0,1-7.07,0h0a5,5,0,0,1,0-7.07l2.12-2.12\" class=\"path\"><\/path><line x1=\"10.17\" y1=\"15.83\" x2=\"15.83\" y2=\"10.17\" class=\"path\"><\/line><\/g><\/svg><\/a><\/div><\/div><\/div><div class=\"desc\"><div class=\"title_wrapper\"><h5 class=\"entry-title\" itemprop=\"headline\"><a class=\"link\" href=\"https:\/\/www.topgse.com\/es\/portfolio-item\/sdu-satcom-a330\/\">SDU SATCOM A330<\/a><\/h5><div class=\"button-love\"><\/div><\/div><div class=\"details-wrapper\"><dl><\/dl><\/div><div class=\"desc-wrapper\">822-0314-303 SDU SATCOM A330 SN 112WD CONDICI\u00d3N SV EASA F1 IBERIA 04\/01\/2016 Volver a la cartera<\/div><\/div><\/div><\/li><\/ul><\/div>\n<\/div>\n\t\t\t\t<\/div>\n\t\t\t\t<\/div>\n\t\t\t\t<\/div>\n\t\t\t\t<\/div>\n\t\t\t\t<\/div>\n\t\t","protected":false},"excerpt":{"rendered":"<p>All AIR CONDITIONNER EGPU STAIRS TRANSFER MALLAGHAN DXB-3 Transfer The CDS2436 stairs are used for boarding and exiting planes whose door sills are from 1.8 to<span class=\"excerpt-hellip\"> [\u2026]<\/span><\/p>\n","protected":false},"author":1,"featured_media":0,"parent":0,"menu_order":0,"comment_status":"closed","ping_status":"closed","template":"","meta":{"footnotes":""},"class_list":["post-1641","page","type-page","status-publish","hentry"],"_links":{"self":[{"href":"https:\/\/www.topgse.com\/es\/wp-json\/wp\/v2\/pages\/1641","targetHints":{"allow":["GET"]}}],"collection":[{"href":"https:\/\/www.topgse.com\/es\/wp-json\/wp\/v2\/pages"}],"about":[{"href":"https:\/\/www.topgse.com\/es\/wp-json\/wp\/v2\/types\/page"}],"author":[{"embeddable":true,"href":"https:\/\/www.topgse.com\/es\/wp-json\/wp\/v2\/users\/1"}],"replies":[{"embeddable":true,"href":"https:\/\/www.topgse.com\/es\/wp-json\/wp\/v2\/comments?post=1641"}],"version-history":[{"count":11,"href":"https:\/\/www.topgse.com\/es\/wp-json\/wp\/v2\/pages\/1641\/revisions"}],"predecessor-version":[{"id":1784,"href":"https:\/\/www.topgse.com\/es\/wp-json\/wp\/v2\/pages\/1641\/revisions\/1784"}],"wp:attachment":[{"href":"https:\/\/www.topgse.com\/es\/wp-json\/wp\/v2\/media?parent=1641"}],"curies":[{"name":"wp","href":"https:\/\/api.w.org\/{rel}","templated":true}]}}